{"id":1194,"date":"2017-10-15T08:00:19","date_gmt":"2017-10-15T07:00:19","guid":{"rendered":"https:\/\/centreazimuts.be\/wp\/?page_id=1194"},"modified":"2021-04-17T09:02:14","modified_gmt":"2021-04-17T08:02:14","slug":"le-reiki","status":"publish","type":"page","link":"https:\/\/centreazimuts.be\/wp\/approches\/le-reiki\/","title":{"rendered":"Le reiki"},"content":{"rendered":"<p><em>Reiki<\/em> est un terme japonais qui signifie <em>\u00e9nergie de vie<\/em> (ki)<em> universelle<\/em> (rei), il s\u2019agit de l\u2019\u00e9nergie qui se trouve dans tout ce qui est vivant.<\/p>\n<p>Le soin <a href=\"https:\/\/centreazimuts.be\/wp\/wp-content\/uploads\/2017\/10\/reiki.gif\"><img loading=\"lazy\" decoding=\"async\" class=\"size-full wp-image-1195 alignleft\" src=\"https:\/\/centreazimuts.be\/wp\/wp-content\/uploads\/2017\/10\/reiki.gif\" alt=\"\" width=\"130\" height=\"275\" \/><\/a>Reiki consiste \u00e0 <strong>poser les mains<\/strong> \u00e0 diff\u00e9rents endroits du corps.<\/p>\n<p>Le praticien est une personne qui a \u00e9t\u00e9 initi\u00e9e, par la pratique et l\u2019enseignement oral, par un ma\u00eetre du Reiki et qui le pratique r\u00e9guli\u00e8rement en recevant des soins, en s\u2019en donnant \u00e0 lui-m\u00eame et en donnant \u00e0 d\u2019autres.<\/p>\n<p>Lors d\u2019un soin Reiki, le praticien a un r\u00f4le de \u2018<strong>\u2019cana<\/strong>l\u2019\u2019 \u00e0 travers lequel le <strong>flux d\u2019\u00e9nergi<\/strong>e peut passer vers la personne qui re\u00e7oit le soin. Cette derni\u00e8re est couch\u00e9e et habill\u00e9e. Elle peut ressentir ce flux \u00e0 travers diff\u00e9rentes <strong>sensation<\/strong>s (chaleur, lourdeur, picotement, rel\u00e2chement musculaire, \u2026).<\/p>\n<p>Le Reiki est une source de <strong>d\u00e9tente<\/strong> et de <strong>mieux-\u00eatre<\/strong>. Il peut \u00eatre une aide \u00e0 diff\u00e9rents niveaux\u00a0: <strong>physique, \u00e9motionnel, mental, spirituel<\/strong>.<\/p>\n<div>\n<blockquote><p><span style=\"color: #000000;\">Il peut \u00eatre b\u00e9n\u00e9fique en cas de<strong> fatigue physique ou mentale<\/strong>, en cas de <strong>probl\u00e8mes de sommeil<\/strong> ou de <strong>mal-\u00eatre corporel<\/strong>.\u00a0<\/span>Il peut aussi aider le corps fatigu\u00e9 \u00e0 se ressourcer, l&rsquo;<strong>esprit agit\u00e9<\/strong> ou <strong>d\u00e9prim\u00e9<\/strong> \u00e0 s&rsquo;apaiser.<\/p><\/blockquote>\n<p>Certaines personnes choisissent le Reiki comme <strong>support<\/strong> \u00e0 une psychoth\u00e9rapie. Les cheminements psychique et corpore<u>l<\/u> se compl\u00e9tant et se nourrissant mutuellement.<\/p>\n<\/div>\n<p>D\u2019autres souhaitent, \u00e0 travers le Reiki, <strong>apaiser le tumulte<\/strong> de leur mental. Pris dans un enchev\u00eatrement de pens\u00e9es, prisonniers d\u2019id\u00e9es qui tournent en boucle, ils ont besoin de poser \u00e0 nouveau leur <strong>attention sur leurs sensations corporelles<\/strong>, de revenir \u00e0 l\u2019essence(tiel).<\/p>\n<p>Certains encore l\u2019utilisent \u00e0 titre pr\u00e9ventif.<\/p>\n<p>L\u2019\u00e9nergie de vie universelle habite chacun d\u2019entre nous et, tout comme notre respiration, nous n\u2019en avons plus conscience.<\/p>\n<p>Plus d\u2019information sur l\u2019Alliance Reiki <a href=\"http:\/\/www.reikialliance.com\">ici\u00a0<\/a><\/p>\n<p><em>Pour toute question, renseignement, orientation ou premier contact, notre secr\u00e9tariat est accessible au\u00a0<strong>081\/210 651 (voir les heures d&rsquo;ouverture sur la page d&rsquo;accueil ). <\/strong>Hors de ces plages horaires, laissez-nous un message et nous vous recontacterons d\u00e8s que possible.<\/em><\/p>\n<p><span style=\"border-radius: 2px; text-indent: 20px; width: auto; padding: 0px 4px 0px 0px; text-align: center; font: bold 11px\/20px 'Helvetica Neue',Helvetica,sans-serif; color: #ffffff; background: #bd081c no-repeat scroll 3px 50% \/ 14px 14px; position: absolute; opacity: 1; z-index: 8675309; display: none; cursor: pointer;\">Enregistrer<\/span><\/p>\n<p><span style=\"border-radius: 2px; text-indent: 20px; width: auto; padding: 0px 4px 0px 0px; text-align: center; font: bold 11px\/20px 'Helvetica Neue',Helvetica,sans-serif; color: #ffffff; background: #bd081c no-repeat scroll 3px 50% \/ 14px 14px; position: absolute; opacity: 1; z-index: 8675309; display: none; cursor: pointer; top: 124px; left: 20px;\">Enregistrer<\/span><\/p>\n<p><span style=\"border-radius: 2px; text-indent: 20px; width: auto; padding: 0px 4px 0px 0px; text-align: center; font: bold 11px\/20px 'Helvetica Neue',Helvetica,sans-serif; color: #ffffff; background: #bd081c no-repeat scroll 3px 50% \/ 14px 14px; position: absolute; opacity: 1; z-index: 8675309; display: none; cursor: pointer; top: 124px; left: 20px;\">Enregistrer<\/span><\/p>\n","protected":false},"excerpt":{"rendered":"<p>Reiki est un terme japonais qui signifie \u00e9nergie de vie (ki) universelle (rei), il s\u2019agit de l\u2019\u00e9nergie qui se trouve dans tout ce qui est vivant. Le soin Reiki consiste [&hellip;]<\/p>\n","protected":false},"author":2,"featured_media":0,"parent":414,"menu_order":8,"comment_status":"closed","ping_status":"closed","template":"","meta":{"footnotes":""},"class_list":["post-1194","page","type-page","status-publish","hentry"],"wppr_data":{"cwp_meta_box_check":"No"},"_links":{"self":[{"href":"https:\/\/centreazimuts.be\/wp\/wp-json\/wp\/v2\/pages\/1194","targetHints":{"allow":["GET"]}}],"collection":[{"href":"https:\/\/centreazimuts.be\/wp\/wp-json\/wp\/v2\/pages"}],"about":[{"href":"https:\/\/centreazimuts.be\/wp\/wp-json\/wp\/v2\/types\/page"}],"author":[{"embeddable":true,"href":"https:\/\/centreazimuts.be\/wp\/wp-json\/wp\/v2\/users\/2"}],"replies":[{"embeddable":true,"href":"https:\/\/centreazimuts.be\/wp\/wp-json\/wp\/v2\/comments?post=1194"}],"version-history":[{"count":9,"href":"https:\/\/centreazimuts.be\/wp\/wp-json\/wp\/v2\/pages\/1194\/revisions"}],"predecessor-version":[{"id":2873,"href":"https:\/\/centreazimuts.be\/wp\/wp-json\/wp\/v2\/pages\/1194\/revisions\/2873"}],"up":[{"embeddable":true,"href":"https:\/\/centreazimuts.be\/wp\/wp-json\/wp\/v2\/pages\/414"}],"wp:attachment":[{"href":"https:\/\/centreazimuts.be\/wp\/wp-json\/wp\/v2\/media?parent=1194"}],"curies":[{"name":"wp","href":"https:\/\/api.w.org\/{rel}","templated":true}]}}