{"id":1994,"date":"2019-03-05T16:24:55","date_gmt":"2019-03-05T15:24:55","guid":{"rendered":"https:\/\/centreazimuts.be\/wp\/?page_id=1994"},"modified":"2019-03-05T16:25:12","modified_gmt":"2019-03-05T15:25:12","slug":"grandir-et-sepanouir-pour-enfants-de-7-a-10-ans","status":"publish","type":"page","link":"https:\/\/centreazimuts.be\/wp\/grandir-et-sepanouir-pour-enfants-de-7-a-10-ans\/","title":{"rendered":"Grandir et s\u2019\u00e9panouir \u2013 pour enfants de 7 \u00e0 10 ans"},"content":{"rendered":"<p><a href=\"https:\/\/centreazimuts.be\/wp\/wp-content\/uploads\/2019\/03\/Oona-flyer-enfants.png\"><img loading=\"lazy\" decoding=\"async\" class=\"size-medium wp-image-1931 alignleft\" src=\"https:\/\/centreazimuts.be\/wp\/wp-content\/uploads\/2019\/03\/Oona-flyer-enfants-212x300.png\" alt=\"\" width=\"212\" height=\"300\" srcset=\"https:\/\/centreazimuts.be\/wp\/wp-content\/uploads\/2019\/03\/Oona-flyer-enfants-212x300.png 212w, https:\/\/centreazimuts.be\/wp\/wp-content\/uploads\/2019\/03\/Oona-flyer-enfants-768x1086.png 768w, https:\/\/centreazimuts.be\/wp\/wp-content\/uploads\/2019\/03\/Oona-flyer-enfants-724x1024.png 724w, https:\/\/centreazimuts.be\/wp\/wp-content\/uploads\/2019\/03\/Oona-flyer-enfants-35x50.png 35w, https:\/\/centreazimuts.be\/wp\/wp-content\/uploads\/2019\/03\/Oona-flyer-enfants.png 794w\" sizes=\"auto, (max-width: 212px) 100vw, 212px\" \/><\/a>Atelier de 5 s\u00e9ances pour apprendre, en jouant, \u00e0 se poser et \u00e9couter ce qui se passe en nous. Apporter \u00e9ventuellement un coussin.<\/p>\n<p><strong>Dates<\/strong>: les jeudis 25 avril \u2013 2, 9 et 23 mai \u2013 30 mai (ascension) <em><strong>ou<\/strong> <\/em>6 juin selon les demandes, de 16h30 \u00e0 17h15<\/p>\n<p><strong>Prix<\/strong>: 50\u20ac l\u2019atelier de 5 s\u00e9ances<\/p>\n<p>Voir le descriptif:\u00a0<a href=\"https:\/\/centreazimuts.be\/wp\/wp-content\/uploads\/2019\/03\/Oona-flyer-enfants.pdf\">Atelier Enfants<\/a><\/p>\n","protected":false},"excerpt":{"rendered":"<p>Atelier de 5 s\u00e9ances pour apprendre, en jouant, \u00e0 se poser et \u00e9couter ce qui se passe en nous. Apporter \u00e9ventuellement un coussin. Dates: les jeudis 25 avril \u2013 2, [&hellip;]<\/p>\n","protected":false},"author":1,"featured_media":0,"parent":0,"menu_order":0,"comment_status":"closed","ping_status":"closed","template":"","meta":{"footnotes":""},"class_list":["post-1994","page","type-page","status-publish","hentry"],"wppr_data":{"cwp_meta_box_check":"No"},"_links":{"self":[{"href":"https:\/\/centreazimuts.be\/wp\/wp-json\/wp\/v2\/pages\/1994","targetHints":{"allow":["GET"]}}],"collection":[{"href":"https:\/\/centreazimuts.be\/wp\/wp-json\/wp\/v2\/pages"}],"about":[{"href":"https:\/\/centreazimuts.be\/wp\/wp-json\/wp\/v2\/types\/page"}],"author":[{"embeddable":true,"href":"https:\/\/centreazimuts.be\/wp\/wp-json\/wp\/v2\/users\/1"}],"replies":[{"embeddable":true,"href":"https:\/\/centreazimuts.be\/wp\/wp-json\/wp\/v2\/comments?post=1994"}],"version-history":[{"count":2,"href":"https:\/\/centreazimuts.be\/wp\/wp-json\/wp\/v2\/pages\/1994\/revisions"}],"predecessor-version":[{"id":1996,"href":"https:\/\/centreazimuts.be\/wp\/wp-json\/wp\/v2\/pages\/1994\/revisions\/1996"}],"wp:attachment":[{"href":"https:\/\/centreazimuts.be\/wp\/wp-json\/wp\/v2\/media?parent=1994"}],"curies":[{"name":"wp","href":"https:\/\/api.w.org\/{rel}","templated":true}]}}