{"id":2774,"date":"2020-12-30T21:04:07","date_gmt":"2020-12-30T20:04:07","guid":{"rendered":"https:\/\/centreazimuts.be\/wp\/?page_id=2774"},"modified":"2025-12-22T08:54:04","modified_gmt":"2025-12-22T07:54:04","slug":"stephanie-darmont","status":"publish","type":"page","link":"https:\/\/centreazimuts.be\/wp\/stephanie-darmont\/","title":{"rendered":"St\u00e9phanie Darmont"},"content":{"rendered":"<div class=\"wp-block-image\">\n<figure class=\"alignright size-medium\"><img loading=\"lazy\" decoding=\"async\" width=\"225\" height=\"300\" src=\"https:\/\/centreazimuts.be\/wp\/wp-content\/uploads\/2020\/12\/127909972_102774171683357_4884794916535491318_o1-225x300.jpg?v=1609096641\" alt=\"\" class=\"wp-image-2775\" srcset=\"https:\/\/centreazimuts.be\/wp\/wp-content\/uploads\/2020\/12\/127909972_102774171683357_4884794916535491318_o1-225x300.jpg?v=1609096641 225w, https:\/\/centreazimuts.be\/wp\/wp-content\/uploads\/2020\/12\/127909972_102774171683357_4884794916535491318_o1-768x1024.jpg?v=1609096641 768w, https:\/\/centreazimuts.be\/wp\/wp-content\/uploads\/2020\/12\/127909972_102774171683357_4884794916535491318_o1.jpg?v=1609096641 960w\" sizes=\"auto, (max-width: 225px) 100vw, 225px\" \/><\/figure>\n<\/div>\n\n\n<p>Assistante social<\/p>\n\n\n\n<p><strong>Sexologue clinicienne<\/strong><\/p>\n\n\n\n<p>Consultations en <a href=\"https:\/\/centreazimuts.be\/wp\/la-sexologie-clinique\/\">s<strong>exologie clinique <\/strong><\/a><\/p>\n\n\n\n<p>En individuel &#8211; couple <\/p>\n\n\n\n<p><strong><span class=\"has-inline-color has-vivid-purple-color\">Consultations sur RDV \u00e0 Namur le VENDREDI de 9h \u00e0 20h \u2013 Rue Fr\u00e8re Bi\u00e8va, 168, 5000 \u00e0 Namur.<\/span><\/strong><\/p>\n\n\n\n<p>Mobile <em>: <\/em><span class=\"has-inline-color has-vivid-purple-color\"><strong>0032 472 55 07 31 <\/strong>&#8230;<\/span><\/p>\n\n\n\n<p>(Merci de me contacter du lundi au vendredi entre 9h et 19h en me laissant un message vocal avec vos coordonn\u00e9es, je vous recontacterai au plus vite).<\/p>\n\n\n\n<p>Courriel\/Mail : <span class=\"has-inline-color has-vivid-purple-color\">st.darmont-sexologie@outlook.com<\/span><\/p>\n\n\n\n<p><em><strong>Sp\u00e9cificit\u00e9s:<\/strong><\/em><\/p>\n\n\n\n<ul class=\"wp-block-list\">\n<li>Prise en charge int\u00e9gr\u00e9e des personnes victimes (adulte\/enfant) de violences conjugales et intrafamiliales (dont des violences sexuelles),<\/li>\n\n\n\n<li>prise en charge des traumas li\u00e9s \u00e0 la clinique de la violence sexuelle (abus sexuels intrafamiliaux ou hors du milieu familial) avec une attention particuli\u00e8re quant \u00e0 la coh\u00e9rence somato-psychique,<\/li>\n\n\n\n<li>Connaissances tr\u00e8s larges quant au r\u00e9seau psycho-socio-juridique de la r\u00e9gion namuroise (travail en r\u00e9seau),<\/li>\n\n\n\n<li>Aisance dans les processus d&rsquo;intervention de premi\u00e8re ligne (accueil de \u00ab\u00a0crise\u00a0\u00bb &#8211; phase \u00ab\u00a0aig\u00fce\u00a0\u00bb, accueil d&rsquo;urgence),<\/li>\n\n\n\n<li>Aisance dans le processus th\u00e9rapeutique de \u00ab\u00a0co-intervention\u00a0\u00bb,<\/li>\n\n\n\n<li>Aisance dans les approches \u00ab\u00a0groupales\u00a0\u00bb : Ateliers\/Animations\/ Groupes Th\u00e9rapeutiques,<\/li>\n\n\n\n<li>Intervisions en sexologie,<\/li>\n\n\n\n<li>Participation r\u00e9guli\u00e8re \u00e0 des colloques, des conf\u00e9rences, des journ\u00e9es d&rsquo;\u00e9tudes, des formations en vue d&rsquo;\u00e9largir mes connaissances en mati\u00e8re de savoir, savoir-\u00eatre, savoir-faire et adapter mon processus d&rsquo;interventions aux r\u00e9alit\u00e9s et besoins de ma patient\u00e8le.&nbsp;<\/li>\n<\/ul>\n\n\n\n<p><\/p>\n\n\n\n<p><em><strong>Formations :<\/strong> <\/em><\/p>\n\n\n\n<p>&#8211;&nbsp; Baccalaur\u00e9at assistante social (2005-2007,&nbsp;Henallux) <\/p>\n\n\n\n<p>-Master en sciences de la famille et de la sexualit\u00e9 (2007-2009, Facult\u00e9 de Psychologie et des Sciences de l&rsquo;Education, UCL) <\/p>\n\n\n\n<p>&#8211;&nbsp;&nbsp;Certificat en sexologie clinique (2010-2011, Facult\u00e9 de Psychologie et des Sciences de l&rsquo;Education,&nbsp;UCL) <\/p>\n\n\n\n<p>&#8211;&nbsp;&nbsp;Certificat en sexologie clinique appliqu\u00e9e (2019-2020, Facult\u00e9 de Psychologie et des Sciences de l&rsquo;Education,&nbsp;UCL)<br><\/p>\n\n\n\n<p>&#8211; Formation au Mod\u00e8le du Processus de Domination Conjugale (par le P\u00f4le des Ressources,&nbsp;CVFE\/PRAXIS),<\/p>\n\n\n\n<p>&#8211; Formation sp\u00e9cifique quant \u00e0 la prise en charge des adultes victimes de violences conjugales et intrafamiliales (par le P\u00f4le des Ressources, CVFE\/Praxis),<\/p>\n\n\n\n<p>&#8211; Formation sp\u00e9cifique quant \u00e0 la prise en charge des enfants victimes de violences conjugales et intrafamiliales (par le P\u00f4le des Ressources,&nbsp;CVFE\/Praxis),<\/p>\n\n\n\n<p>&#8211; Formation en EVRAS (Education \u00e0 la Vie Affective, Relationnelle et Sexuelle) sp\u00e9cifique au public porteur d&rsquo;une d\u00e9ficience mentale (outil \u00ab\u00a0des Femmes et des Hommes\u00a0\u00bb),<\/p>\n\n\n\n<p>&#8211; Formation de th\u00e9rapie sensori-motrice: acquisition du niveau 1 (prise en charge et traitement des traumas),<\/p>\n\n\n\n<p>&#8211; Formation avec Samira Bourrhaba (Parole d&rsquo;Enfants): intervenir dans les situations de violences sexuelles intra-familiales,&nbsp;<br><\/p>\n\n\n\n<p>&#8211; Encadrement des \u00e9tudiants en 3\u00e8me BAC assistant social (Henallux) dans la r\u00e9daction et la pr\u00e9sentation de leur Travail de Fin d&rsquo;Etudes (conseill\u00e8re TFE depuis 10 ans),<br><\/p>\n\n\n\n<p>&#8211; Initiation \u00e0 la \u00ab\u00a0Pleine conscience\u00a0\u00bb,<\/p>\n\n\n\n<p>&#8211; Initiation au \u00ab\u00a0Sensate Focus\u00a0\u00bb<\/p>\n","protected":false},"excerpt":{"rendered":"<p>Assistante social Sexologue clinicienne Consultations en sexologie clinique En individuel &#8211; couple Consultations sur RDV \u00e0 Namur le VENDREDI de 9h \u00e0 20h \u2013 Rue Fr\u00e8re Bi\u00e8va, 168, 5000 \u00e0 [&hellip;]<\/p>\n","protected":false},"author":2,"featured_media":0,"parent":0,"menu_order":0,"comment_status":"closed","ping_status":"closed","template":"","meta":{"footnotes":""},"class_list":["post-2774","page","type-page","status-publish","hentry"],"wppr_data":{"cwp_meta_box_check":"No"},"_links":{"self":[{"href":"https:\/\/centreazimuts.be\/wp\/wp-json\/wp\/v2\/pages\/2774","targetHints":{"allow":["GET"]}}],"collection":[{"href":"https:\/\/centreazimuts.be\/wp\/wp-json\/wp\/v2\/pages"}],"about":[{"href":"https:\/\/centreazimuts.be\/wp\/wp-json\/wp\/v2\/types\/page"}],"author":[{"embeddable":true,"href":"https:\/\/centreazimuts.be\/wp\/wp-json\/wp\/v2\/users\/2"}],"replies":[{"embeddable":true,"href":"https:\/\/centreazimuts.be\/wp\/wp-json\/wp\/v2\/comments?post=2774"}],"version-history":[{"count":7,"href":"https:\/\/centreazimuts.be\/wp\/wp-json\/wp\/v2\/pages\/2774\/revisions"}],"predecessor-version":[{"id":3698,"href":"https:\/\/centreazimuts.be\/wp\/wp-json\/wp\/v2\/pages\/2774\/revisions\/3698"}],"wp:attachment":[{"href":"https:\/\/centreazimuts.be\/wp\/wp-json\/wp\/v2\/media?parent=2774"}],"curies":[{"name":"wp","href":"https:\/\/api.w.org\/{rel}","templated":true}]}}