{"id":2777,"date":"2020-12-30T20:54:50","date_gmt":"2020-12-30T19:54:50","guid":{"rendered":"https:\/\/centreazimuts.be\/wp\/?page_id=2777"},"modified":"2021-04-17T09:43:27","modified_gmt":"2021-04-17T08:43:27","slug":"la-sexologie-clinique","status":"publish","type":"page","link":"https:\/\/centreazimuts.be\/wp\/la-sexologie-clinique\/","title":{"rendered":"La sexologie clinique"},"content":{"rendered":"\n<p>La sexologie clinique vise \u00e0 am\u00e9liorer la sant\u00e9 sexuelle de chaque individu, en respectant son int\u00e9grit\u00e9 et son intimit\u00e9.<br><br>Le r\u00f4le du sexologue est de trouver l&rsquo;origine d&rsquo;un trouble sexuel, de le soigner, mais aussi de le pr\u00e9venir (en veillant \u00e0 respecter le secret professionnel auquel il est li\u00e9).&nbsp;&nbsp; <strong><br>Les s\u00e9ances th\u00e9rapeutiques peuvent \u00eatre individuelles ou organis\u00e9es \u00ab\u00a0en couple\u00a0\u00bb sur base du consentement \u00e9clair\u00e9 de chaque patient. Ainsi, le sexologue clinicien :<br>&#8211; proc\u00e8de \u00e0 une anamn\u00e8se de la dysfonction sexuelle et identifie la demande de l&rsquo;individu ou du couple,<br>&#8211; propose ensuite des moyens d&rsquo;am\u00e9liorer la vie sexuelle et relationnelle, gr\u00e2ce \u00e0 diff\u00e9rentes approches th\u00e9rapeutiques (approche int\u00e9gr\u00e9e o\u00f9 diverses disciplines se rencontrent : la biologie, la psychologie, la sociologie, l&rsquo;anthropologie, etc.).&nbsp;<\/strong><br><strong><br><\/strong> Les motifs de consultation sont multiples. Citons notamment :<br><br><strong><u>Chez l&rsquo;homme :<\/u> <\/strong><\/p>\n\n\n\n<p><strong>&#8211; les troubles \u00e9rectiles\u200b,<\/strong><\/p>\n\n\n\n<p><strong> &#8211; l&rsquo;\u00e9jaculation pr\u00e9matur\u00e9e,<\/strong><\/p>\n\n\n\n<p><strong> &#8211; les troubles du d\u00e9sir, <\/strong><\/p>\n\n\n\n<p><strong>&#8211; les troubles de l&rsquo;orgasme. \u200b<\/strong><\/p>\n\n\n\n<p><strong> <u>Chez la femme :<\/u> <\/strong><\/p>\n\n\n\n<p><strong>&#8211; les douleurs lors des interactions sexuelles&nbsp;(dyspareunie&nbsp;&amp; vaginisme) \u200b,<\/strong><\/p>\n\n\n\n<p><strong> &#8211; les troubles du d\u00e9sir, <\/strong><\/p>\n\n\n\n<p><strong>&#8211; les troubles de l&rsquo;orgasme. \u200b <\/strong><\/p>\n\n\n\n<p><strong><u>Chez l&rsquo;homme &amp; la femme :<\/u> <\/strong><\/p>\n\n\n\n<p><strong>&#8211; l&rsquo;addiction sexuelle, \u200b<\/strong><\/p>\n\n\n\n<p><strong> &#8211; les troubles li\u00e9s \u00e0 l&rsquo;identit\u00e9 de genre (dysphorie de genre),<\/strong><\/p>\n\n\n\n<p><strong> &#8211; la violence sexuelle (auteur\/victime). \u200b<\/strong><\/p>\n\n\n\n<p><strong> <u>Au niveau du couple :<\/u> <\/strong><\/p>\n\n\n\n<p><strong>&#8211; les conflits de couple (li\u00e9s \u00e0 la sexualit\u00e9), <\/strong><\/p>\n\n\n\n<p><strong>&#8211; le parcours en procr\u00e9ation m\u00e9dicalement assist\u00e9e (PMA), <\/strong><\/p>\n\n\n\n<p><strong>&#8211; les relations extraconjugales, <\/strong><\/p>\n\n\n\n<p><strong>&#8211; l&rsquo;impact des maladies chroniques sur la sexualit\u00e9, <\/strong><\/p>\n\n\n\n<p><strong>&#8211; cancer &amp; sexualit\u00e9, <\/strong><\/p>\n\n\n\n<p><strong>&#8211; sexualit\u00e9 &amp; vieillissement,<\/strong><\/p>\n\n\n\n<p><strong><br>&#8230; et tout autre motif \u00e0 l&rsquo;origine d&rsquo;une souffrance dans l&rsquo;exercice de sa sexualit\u00e9.\u00a0<\/strong><\/p>\n\n\n\n<p>Pour toute information ou prise de rendez-vous, appelez le <em><strong>081\/210 651 (voir les heures d&rsquo;ouverture sur la page d&rsquo;accueil ). <\/strong>Hors de ces plages horaires, laissez-nous un message et nous vous recontacterons d\u00e8s que possible.<\/em><\/p>\n","protected":false},"excerpt":{"rendered":"<p>La sexologie clinique vise \u00e0 am\u00e9liorer la sant\u00e9 sexuelle de chaque individu, en respectant son int\u00e9grit\u00e9 et son intimit\u00e9. Le r\u00f4le du sexologue est de trouver l&rsquo;origine d&rsquo;un trouble sexuel, [&hellip;]<\/p>\n","protected":false},"author":2,"featured_media":0,"parent":0,"menu_order":0,"comment_status":"closed","ping_status":"closed","template":"","meta":{"footnotes":""},"class_list":["post-2777","page","type-page","status-publish","hentry"],"wppr_data":[],"_links":{"self":[{"href":"https:\/\/centreazimuts.be\/wp\/wp-json\/wp\/v2\/pages\/2777","targetHints":{"allow":["GET"]}}],"collection":[{"href":"https:\/\/centreazimuts.be\/wp\/wp-json\/wp\/v2\/pages"}],"about":[{"href":"https:\/\/centreazimuts.be\/wp\/wp-json\/wp\/v2\/types\/page"}],"author":[{"embeddable":true,"href":"https:\/\/centreazimuts.be\/wp\/wp-json\/wp\/v2\/users\/2"}],"replies":[{"embeddable":true,"href":"https:\/\/centreazimuts.be\/wp\/wp-json\/wp\/v2\/comments?post=2777"}],"version-history":[{"count":4,"href":"https:\/\/centreazimuts.be\/wp\/wp-json\/wp\/v2\/pages\/2777\/revisions"}],"predecessor-version":[{"id":2887,"href":"https:\/\/centreazimuts.be\/wp\/wp-json\/wp\/v2\/pages\/2777\/revisions\/2887"}],"wp:attachment":[{"href":"https:\/\/centreazimuts.be\/wp\/wp-json\/wp\/v2\/media?parent=2777"}],"curies":[{"name":"wp","href":"https:\/\/api.w.org\/{rel}","templated":true}]}}