{"id":800,"date":"2017-09-13T11:42:50","date_gmt":"2017-09-13T10:42:50","guid":{"rendered":"https:\/\/centreazimuts.be\/wp\/?page_id=800"},"modified":"2022-04-18T08:34:58","modified_gmt":"2022-04-18T07:34:58","slug":"la-therapie-familiale-systemique","status":"publish","type":"page","link":"https:\/\/centreazimuts.be\/wp\/la-therapie-familiale-systemique\/","title":{"rendered":"La th\u00e9rapie familiale &#8211; syst\u00e9mique"},"content":{"rendered":"<p>Le centre Azimuts propose des psychoth\u00e9rapie s\u2019appuyant sur l\u2019approche syst\u00e9mique.<a href=\"https:\/\/centreazimuts.be\/wp\/wp-content\/uploads\/2019\/04\/pions-syst\u00e8mes.jpg\"><img loading=\"lazy\" decoding=\"async\" class=\"alignright wp-image-2121 size-medium\" src=\"https:\/\/centreazimuts.be\/wp\/wp-content\/uploads\/2019\/04\/pions-syst\u00e8mes-300x200.jpg\" alt=\"\" width=\"300\" height=\"200\" srcset=\"https:\/\/centreazimuts.be\/wp\/wp-content\/uploads\/2019\/04\/pions-syst\u00e8mes-300x200.jpg 300w, https:\/\/centreazimuts.be\/wp\/wp-content\/uploads\/2019\/04\/pions-syst\u00e8mes-768x512.jpg 768w, https:\/\/centreazimuts.be\/wp\/wp-content\/uploads\/2019\/04\/pions-syst\u00e8mes-50x33.jpg 50w, https:\/\/centreazimuts.be\/wp\/wp-content\/uploads\/2019\/04\/pions-syst\u00e8mes.jpg 800w\" sizes=\"auto, (max-width: 300px) 100vw, 300px\" \/><\/a><\/p>\n<p>L&rsquo;approche syst\u00e9mique s&rsquo;int\u00e9resse au sens et \u00e0 la fonction d&rsquo;un sympt\u00f4me ou d&rsquo;un probl\u00e8me l\u00e0 o\u00f9 ils sont apparus et se sont maintenus.<\/p>\n<p>L&rsquo;approche syst\u00e9mique se distingue des autres approches par sa fa\u00e7on de comprendre les relations humaines. En effet, la personne n&rsquo;est pas le seul \u00e9l\u00e9ment analys\u00e9 dans la d\u00e9marche. L&rsquo;intervenant accorde aussi une importance aux diff\u00e9rents syst\u00e8mes dont elle fait partie (familial, professionnel, social, etc.). Cette personne est influenc\u00e9e \u00e0 la fois par ses intentions, celles des autres, et celles des possibilit\u00e9s du milieu et\/ou du syst\u00e8me.<\/p>\n<p>L&rsquo;intervenant s&rsquo;int\u00e9resse aux r\u00e8gles de vie, aux processus de r\u00e9troactions, aux buts recherch\u00e9s, aux m\u00e9canismes d&rsquo;\u00e9quilibre et aux pressions vers le changement. Il observe les modalit\u00e9s de communication, la congruence, le niveau de diff\u00e9renciation et d&rsquo;engagement au sein du syst\u00e8me. Il s&rsquo;int\u00e9resse au niveau de remise en question permis, \u00e0 la flexibilit\u00e9 des r\u00f4les ainsi qu&rsquo;\u00e0 leur degr\u00e9 d&rsquo;adaptation \u00e0 l&rsquo;\u00e9tat actuel du syst\u00e8me.<\/p>\n<p>L&rsquo;histoire de la famille agit sur l&rsquo;individu. Cet individu transporte avec lui des valeurs, des \u00e9motions et des comportements v\u00e9hicul\u00e9s par la famille et ceci depuis plusieurs g\u00e9n\u00e9rations.<\/p>\n<p>L&rsquo;intervenant souhaite amener le syst\u00e8me-client au prise avec un probl\u00e8me \u00e0 communiquer sur un nouveau mode et \u00e0 vivre quelque chose de diff\u00e9rent. Il facilitera le d\u00e9codage ad\u00e9quat pour que chacun puisse comprendre les autres. Il favorisera l&rsquo;expression des \u00e9motions, des souhaits, des intentions positives et des efforts fournis. Il fournira aux membres du syst\u00e8me l&rsquo;occasion de communiquer sur leur fa\u00e7on de communiquer (m\u00e9tacommunication).<\/p>\n<p>Tant un travail individuel, de couple ou de famille peut \u00eatre entrepris via cette approche.<\/p>\n<p><em>Pour toute question, renseignement, orientation ou premier contact, notre secr\u00e9tariat est accessible au <strong>081\/210 651 (voir les heures d&rsquo;ouverture sur la page d&rsquo;accueil ). <\/strong>Hors de ces plages horaires, laissez-nous un message et nous vous recontacterons d\u00e8s que possible.<br \/>\n<\/em><\/p>\n","protected":false},"excerpt":{"rendered":"<p>Le centre Azimuts propose des psychoth\u00e9rapie s\u2019appuyant sur l\u2019approche syst\u00e9mique. L&rsquo;approche syst\u00e9mique s&rsquo;int\u00e9resse au sens et \u00e0 la fonction d&rsquo;un sympt\u00f4me ou d&rsquo;un probl\u00e8me l\u00e0 o\u00f9 ils sont apparus et [&hellip;]<\/p>\n","protected":false},"author":2,"featured_media":0,"parent":0,"menu_order":0,"comment_status":"closed","ping_status":"closed","template":"","meta":{"footnotes":""},"class_list":["post-800","page","type-page","status-publish","hentry"],"wppr_data":{"cwp_meta_box_check":"No"},"_links":{"self":[{"href":"https:\/\/centreazimuts.be\/wp\/wp-json\/wp\/v2\/pages\/800","targetHints":{"allow":["GET"]}}],"collection":[{"href":"https:\/\/centreazimuts.be\/wp\/wp-json\/wp\/v2\/pages"}],"about":[{"href":"https:\/\/centreazimuts.be\/wp\/wp-json\/wp\/v2\/types\/page"}],"author":[{"embeddable":true,"href":"https:\/\/centreazimuts.be\/wp\/wp-json\/wp\/v2\/users\/2"}],"replies":[{"embeddable":true,"href":"https:\/\/centreazimuts.be\/wp\/wp-json\/wp\/v2\/comments?post=800"}],"version-history":[{"count":11,"href":"https:\/\/centreazimuts.be\/wp\/wp-json\/wp\/v2\/pages\/800\/revisions"}],"predecessor-version":[{"id":3140,"href":"https:\/\/centreazimuts.be\/wp\/wp-json\/wp\/v2\/pages\/800\/revisions\/3140"}],"wp:attachment":[{"href":"https:\/\/centreazimuts.be\/wp\/wp-json\/wp\/v2\/media?parent=800"}],"curies":[{"name":"wp","href":"https:\/\/api.w.org\/{rel}","templated":true}]}}